{"id":1451,"date":"2023-09-07T22:07:26","date_gmt":"2023-09-07T22:07:26","guid":{"rendered":"https:\/\/agencia.boutique\/?page_id=1451"},"modified":"2023-09-07T22:08:18","modified_gmt":"2023-09-07T22:08:18","slug":"cookies","status":"publish","type":"page","link":"https:\/\/agencia.boutique\/index.php\/cookies\/","title":{"rendered":"Cookies"},"content":{"rendered":"\t\t<div data-elementor-type=\"wp-page\" data-elementor-id=\"1451\" class=\"elementor elementor-1451\">\n\t\t\t\t\t\t\t\t\t<section class=\"elementor-section elementor-top-section elementor-element elementor-element-386bc724 elementor-section-boxed elementor-section-height-default elementor-section-height-default\" data-id=\"386bc724\" data-element_type=\"section\">\n\t\t\t\t\t\t<div class=\"elementor-container elementor-column-gap-default\">\n\t\t\t\t\t<div class=\"elementor-column elementor-col-100 elementor-top-column elementor-element elementor-element-2c2ef56a\" data-id=\"2c2ef56a\" data-element_type=\"column\">\n\t\t\t<div class=\"elementor-widget-wrap elementor-element-populated\">\n\t\t\t\t\t\t\t\t<div class=\"elementor-element elementor-element-6a1fb360 elementor-widget__width-initial elementor-widget elementor-widget-text-editor\" data-id=\"6a1fb360\" data-element_type=\"widget\" data-widget_type=\"text-editor.default\">\n\t\t\t\t<div class=\"elementor-widget-container\">\n\t\t\t<style>\/*! elementor - v3.15.0 - 20-08-2023 *\/\n.elementor-widget-text-editor.elementor-drop-cap-view-stacked .elementor-drop-cap{background-color:#69727d;color:#fff}.elementor-widget-text-editor.elementor-drop-cap-view-framed .elementor-drop-cap{color:#69727d;border:3px solid;background-color:transparent}.elementor-widget-text-editor:not(.elementor-drop-cap-view-default) .elementor-drop-cap{margin-top:8px}.elementor-widget-text-editor:not(.elementor-drop-cap-view-default) .elementor-drop-cap-letter{width:1em;height:1em}.elementor-widget-text-editor .elementor-drop-cap{float:left;text-align:center;line-height:1;font-size:50px}.elementor-widget-text-editor .elementor-drop-cap-letter{display:inline-block}<\/style>\t\t\t\t<p><!-- wp:heading --><\/p><p>Bienvenido\/a a GiveBack52, una plataforma en l\u00ednea que ofrece cursos de m\u00fasica en l\u00ednea. Para proporcionarle la mejor experiencia posible en nuestra plataforma, utilizamos cookies. En este art\u00edculo, le explicaremos qu\u00e9 son las cookies y c\u00f3mo las utilizamos en GiveBack52.<\/p><h2><strong>\u00bfQu\u00e9 son las cookies?<\/strong><\/h2><p>Las cookies son peque\u00f1os archivos de texto que se almacenan en su ordenador o dispositivo m\u00f3vil cuando visita un sitio web. Estos archivos contienen informaci\u00f3n que se utiliza para mejorar la experiencia del usuario en la p\u00e1gina web. Por ejemplo, las cookies pueden recordar sus preferencias de idioma, las p\u00e1ginas que ha visitado y otros detalles que pueden ayudar a personalizar su experiencia en l\u00ednea.<\/p><h3>\u00bfC\u00f3mo utilizamos las cookies en GiveBack52?<\/h3><p>En GiveBack52, utilizamos cookies para mejorar la navegaci\u00f3n del usuario, personalizar su experiencia y recopilar informaci\u00f3n sobre el uso que hacen los usuarios de nuestra plataforma. Algunos ejemplos de las cookies que utilizamos son:<\/p><ul><li><p><b>Cookies de sesi\u00f3n:<\/b> Estas cookies se utilizan para permitir que los usuarios inicien sesi\u00f3n en nuestra plataforma y utilicen nuestras funciones de aprendizaje en l\u00ednea. Las cookies de sesi\u00f3n se eliminan autom\u00e1ticamente al cerrar el navegador.<\/p><\/li><li><p><b>Cookies de preferencias:<\/b> Estas cookies se utilizan para recordar las preferencias del usuario, como el idioma elegido y la configuraci\u00f3n de privacidad.<\/p><\/li><li><p><b>Cookies anal\u00edticas: <\/b>Estas cookies se utilizan para recopilar informaci\u00f3n sobre c\u00f3mo los usuarios utilizan nuestra plataforma. Por ejemplo, podemos utilizar cookies anal\u00edticas para saber qu\u00e9 p\u00e1ginas son m\u00e1s populares, qu\u00e9 b\u00fasquedas se realizan con m\u00e1s frecuencia y c\u00f3mo se utilizan nuestras funciones de aprendizaje en l\u00ednea.<\/p><\/li><li><p><b>Cookies publicitarias:<\/b> Estas cookies se utilizan para mostrar anuncios personalizados en nuestra plataforma y en otros sitios web. Las cookies publicitarias nos permiten mostrar anuncios que pueden ser relevantes para los intereses de los usuarios y mejorar la eficacia de nuestras campa\u00f1as publicitarias.<\/p><\/li><\/ul><h3>\u00bfC\u00f3mo puede controlar las cookies?<\/h3><p>Los usuarios pueden controlar el uso de las cookies en GiveBack52 mediante la configuraci\u00f3n de su navegador. La mayor\u00eda de los navegadores permiten a los usuarios aceptar o rechazar cookies, as\u00ed como borrar las cookies existentes. Tenga en cuenta que si desactiva las cookies en GiveBack52, es posible que algunas de nuestras funciones no funcionen correctamente.<\/p><p>En resumen, en GiveBack52 utilizamos cookies para mejorar la experiencia del usuario, personalizar el contenido y recopilar informaci\u00f3n sobre c\u00f3mo se utiliza nuestra plataforma. Si tiene alguna pregunta sobre nuestras pol\u00edticas de cookies, no dude en ponerse en contacto con nosotros. Gracias por utilizar GiveBack52 para aprender m\u00fasica en l\u00ednea.<\/p><p><!-- \/wp:paragraph --><\/p>\t\t\t\t\t\t<\/div>\n\t\t\t\t<\/div>\n\t\t\t\t\t<\/div>\n\t\t<\/div>\n\t\t\t\t\t\t\t<\/div>\n\t\t<\/section>\n\t\t\t\t\t\t\t<\/div>\n\t\t","protected":false},"excerpt":{"rendered":"<p>Bienvenido\/a a GiveBack52, una plataforma en l\u00ednea que ofrece cursos de m\u00fasica en l\u00ednea. Para proporcionarle la mejor experiencia posible en nuestra plataforma, utilizamos cookies. En este art\u00edculo, le explicaremos qu\u00e9 son las cookies y c\u00f3mo las utilizamos en GiveBack52. \u00bfQu\u00e9 son las cookies? Las cookies son peque\u00f1os archivos de texto que se almacenan en &hellip;<\/p>\n<p class=\"read-more\"> <a class=\"\" href=\"https:\/\/agencia.boutique\/index.php\/cookies\/\"> <span class=\"screen-reader-text\">Cookies<\/span> Leer m\u00e1s &raquo;<\/a><\/p>\n","protected":false},"author":1,"featured_media":0,"parent":0,"menu_order":0,"comment_status":"closed","ping_status":"closed","template":"elementor_canvas","meta":{"site-sidebar-layout":"no-sidebar","site-content-layout":"page-builder","ast-site-content-layout":"default","site-content-style":"default","site-sidebar-style":"default","ast-global-header-display":"","ast-banner-title-visibility":"","ast-main-header-display":"","ast-hfb-above-header-display":"","ast-hfb-below-header-display":"","ast-hfb-mobile-header-display":"","site-post-title":"disabled","ast-breadcrumbs-content":"","ast-featured-img":"disabled","footer-sml-layout":"","theme-transparent-header-meta":"","adv-header-id-meta":"","stick-header-meta":"","header-above-stick-meta":"","header-main-stick-meta":"","header-below-stick-meta":"","astra-migrate-meta-layouts":"set","footnotes":""},"class_list":["post-1451","page","type-page","status-publish","hentry"],"_links":{"self":[{"href":"https:\/\/agencia.boutique\/index.php\/wp-json\/wp\/v2\/pages\/1451","targetHints":{"allow":["GET"]}}],"collection":[{"href":"https:\/\/agencia.boutique\/index.php\/wp-json\/wp\/v2\/pages"}],"about":[{"href":"https:\/\/agencia.boutique\/index.php\/wp-json\/wp\/v2\/types\/page"}],"author":[{"embeddable":true,"href":"https:\/\/agencia.boutique\/index.php\/wp-json\/wp\/v2\/users\/1"}],"replies":[{"embeddable":true,"href":"https:\/\/agencia.boutique\/index.php\/wp-json\/wp\/v2\/comments?post=1451"}],"version-history":[{"count":7,"href":"https:\/\/agencia.boutique\/index.php\/wp-json\/wp\/v2\/pages\/1451\/revisions"}],"predecessor-version":[{"id":1459,"href":"https:\/\/agencia.boutique\/index.php\/wp-json\/wp\/v2\/pages\/1451\/revisions\/1459"}],"wp:attachment":[{"href":"https:\/\/agencia.boutique\/index.php\/wp-json\/wp\/v2\/media?parent=1451"}],"curies":[{"name":"wp","href":"https:\/\/api.w.org\/{rel}","templated":true}]}}